{"id":3536,"date":"2022-04-12T17:05:34","date_gmt":"2022-04-12T17:05:34","guid":{"rendered":"http:\/\/acerostorrefuerte.com.mx\/?post_type=product&#038;p=3536"},"modified":"2022-04-12T17:20:24","modified_gmt":"2022-04-12T17:20:24","slug":"viga-ipr","status":"publish","type":"product","link":"http:\/\/acerostorrefuerte.com.mx\/?product=viga-ipr","title":{"rendered":"VIGA IPR"},"content":{"rendered":"<p><img loading=\"lazy\" decoding=\"async\" class=\"alignnone size-medium wp-image-3539\" src=\"http:\/\/acerostorrefuerte.com.mx\/wp-content\/uploads\/2022\/04\/21tbl-ipr-44x300.jpg\" alt=\"\" width=\"44\" height=\"300\" \/><\/p>\n","protected":false},"excerpt":{"rendered":"<p>Ofrecemos la m\u00e1s amplia gama en medidas de vigas IPR, son ideales para soportar las cargas de las losas o los elementos planos. Es un elemento estructural r\u00edgido con el objetivo de vincular columnas entre ellas.<\/p>\n<p>Los IPR son utilizados para la construcci\u00f3n de b\u00f3vedas caseras, estructuras met\u00e1licas, edificios, implementos agr\u00edcolas, almacenes, puentes, gr\u00faas, maquinaria, entre otros.<\/p>\n<p>Norma: ASTM A36, A572 GR50, A992<\/p>\n<p><img loading=\"lazy\" decoding=\"async\" class=\"alignnone size-medium wp-image-3537\" src=\"http:\/\/acerostorrefuerte.com.mx\/wp-content\/uploads\/2022\/04\/21drw_ipr-300x162.png\" alt=\"\" width=\"300\" height=\"162\" srcset=\"http:\/\/acerostorrefuerte.com.mx\/wp-content\/uploads\/2022\/04\/21drw_ipr-300x162.png 300w, http:\/\/acerostorrefuerte.com.mx\/wp-content\/uploads\/2022\/04\/21drw_ipr.png 425w\" sizes=\"auto, (max-width: 300px) 100vw, 300px\" \/><\/p>\n<p>&nbsp;<\/p>\n<p>&nbsp;<\/p>\n","protected":false},"featured_media":3538,"template":"","meta":[],"product_cat":[69],"product_tag":[],"class_list":{"0":"post-3536","1":"product","2":"type-product","3":"status-publish","4":"has-post-thumbnail","6":"product_cat-estructurales","8":"first","9":"instock","10":"shipping-taxable","11":"product-type-simple"},"_links":{"self":[{"href":"http:\/\/acerostorrefuerte.com.mx\/index.php?rest_route=\/wp\/v2\/product\/3536","targetHints":{"allow":["GET"]}}],"collection":[{"href":"http:\/\/acerostorrefuerte.com.mx\/index.php?rest_route=\/wp\/v2\/product"}],"about":[{"href":"http:\/\/acerostorrefuerte.com.mx\/index.php?rest_route=\/wp\/v2\/types\/product"}],"wp:featuredmedia":[{"embeddable":true,"href":"http:\/\/acerostorrefuerte.com.mx\/index.php?rest_route=\/wp\/v2\/media\/3538"}],"wp:attachment":[{"href":"http:\/\/acerostorrefuerte.com.mx\/index.php?rest_route=%2Fwp%2Fv2%2Fmedia&parent=3536"}],"wp:term":[{"taxonomy":"product_cat","embeddable":true,"href":"http:\/\/acerostorrefuerte.com.mx\/index.php?rest_route=%2Fwp%2Fv2%2Fproduct_cat&post=3536"},{"taxonomy":"product_tag","embeddable":true,"href":"http:\/\/acerostorrefuerte.com.mx\/index.php?rest_route=%2Fwp%2Fv2%2Fproduct_tag&post=3536"}],"curies":[{"name":"wp","href":"https:\/\/api.w.org\/{rel}","templated":true}]}}