{"id":3567,"date":"2022-04-12T18:22:12","date_gmt":"2022-04-12T18:22:12","guid":{"rendered":"http:\/\/acerostorrefuerte.com.mx\/?post_type=product&#038;p=3567"},"modified":"2022-04-12T18:22:12","modified_gmt":"2022-04-12T18:22:12","slug":"varilla-corrugada-r-42","status":"publish","type":"product","link":"http:\/\/acerostorrefuerte.com.mx\/?product=varilla-corrugada-r-42","title":{"rendered":"VARILLA CORRUGADA R-42"},"content":{"rendered":"","protected":false},"excerpt":{"rendered":"<p>La varilla corrugada R-42 ofrece una alta durabilidad y resistencia estructural. Cumple con los m\u00e1s altos est\u00e1ndares de calidad. Contamos con presentaci\u00f3n en tramo de 12.00 m recta o doblada y algunos di\u00e1metros disponibles en rollo. Resistencia a la Tensi\u00f3n: 6,300 Kg\/cm<sup>2<\/sup>. L\u00edmite de Fluencia: 4,200 kg\/cm<sup>2<\/sup>.<\/p>\n<p>Es utilizada principalmente en la industria de la construcci\u00f3n, como acero de refuerzo, trabes, parrillas, castillos, losas s\u00f3lidas de claros cortos, elementos prefabricados, postes de concreto, en muros de mamposter\u00eda, entre otros.<\/p>\n<p>Norma: NMX-B-506<\/p>\n","protected":false},"featured_media":3568,"template":"","meta":[],"product_cat":[71],"product_tag":[],"class_list":{"0":"post-3567","1":"product","2":"type-product","3":"status-publish","4":"has-post-thumbnail","6":"product_cat-corrugados","8":"first","9":"instock","10":"shipping-taxable","11":"product-type-simple"},"_links":{"self":[{"href":"http:\/\/acerostorrefuerte.com.mx\/index.php?rest_route=\/wp\/v2\/product\/3567","targetHints":{"allow":["GET"]}}],"collection":[{"href":"http:\/\/acerostorrefuerte.com.mx\/index.php?rest_route=\/wp\/v2\/product"}],"about":[{"href":"http:\/\/acerostorrefuerte.com.mx\/index.php?rest_route=\/wp\/v2\/types\/product"}],"wp:featuredmedia":[{"embeddable":true,"href":"http:\/\/acerostorrefuerte.com.mx\/index.php?rest_route=\/wp\/v2\/media\/3568"}],"wp:attachment":[{"href":"http:\/\/acerostorrefuerte.com.mx\/index.php?rest_route=%2Fwp%2Fv2%2Fmedia&parent=3567"}],"wp:term":[{"taxonomy":"product_cat","embeddable":true,"href":"http:\/\/acerostorrefuerte.com.mx\/index.php?rest_route=%2Fwp%2Fv2%2Fproduct_cat&post=3567"},{"taxonomy":"product_tag","embeddable":true,"href":"http:\/\/acerostorrefuerte.com.mx\/index.php?rest_route=%2Fwp%2Fv2%2Fproduct_tag&post=3567"}],"curies":[{"name":"wp","href":"https:\/\/api.w.org\/{rel}","templated":true}]}}