{"id":3581,"date":"2022-04-12T18:39:59","date_gmt":"2022-04-12T18:39:59","guid":{"rendered":"http:\/\/acerostorrefuerte.com.mx\/?post_type=product&#038;p=3581"},"modified":"2022-04-12T18:40:00","modified_gmt":"2022-04-12T18:40:00","slug":"perfiles-tubulares-pintados","status":"publish","type":"product","link":"http:\/\/acerostorrefuerte.com.mx\/?product=perfiles-tubulares-pintados","title":{"rendered":"PERFILES TUBULARES PINTADOS"},"content":{"rendered":"","protected":false},"excerpt":{"rendered":"<p>Fabricado mediante reducci\u00f3n en caliente y formado en fr\u00edo, cumple con estrictos controles de calidad que comprenden pruebas que garantizan la resistencia estructural requerida por las normas y est\u00e1ndares nacionales e internacionales.<\/p>\n<p>Para la fabricaci\u00f3n de estos perfiles, debido a la funci\u00f3n estructural que van a cumplir se utiliza acero estructural soldable, el cual garantiza cifras mec\u00e1nicas para la resistencia a la tracci\u00f3n, l\u00edmite de fluencia y alargamiento.<\/p>\n","protected":false},"featured_media":3583,"template":"","meta":[],"product_cat":[73],"product_tag":[],"class_list":{"0":"post-3581","1":"product","2":"type-product","3":"status-publish","4":"has-post-thumbnail","6":"product_cat-perfiles","8":"first","9":"instock","10":"shipping-taxable","11":"product-type-simple"},"_links":{"self":[{"href":"http:\/\/acerostorrefuerte.com.mx\/index.php?rest_route=\/wp\/v2\/product\/3581","targetHints":{"allow":["GET"]}}],"collection":[{"href":"http:\/\/acerostorrefuerte.com.mx\/index.php?rest_route=\/wp\/v2\/product"}],"about":[{"href":"http:\/\/acerostorrefuerte.com.mx\/index.php?rest_route=\/wp\/v2\/types\/product"}],"wp:featuredmedia":[{"embeddable":true,"href":"http:\/\/acerostorrefuerte.com.mx\/index.php?rest_route=\/wp\/v2\/media\/3583"}],"wp:attachment":[{"href":"http:\/\/acerostorrefuerte.com.mx\/index.php?rest_route=%2Fwp%2Fv2%2Fmedia&parent=3581"}],"wp:term":[{"taxonomy":"product_cat","embeddable":true,"href":"http:\/\/acerostorrefuerte.com.mx\/index.php?rest_route=%2Fwp%2Fv2%2Fproduct_cat&post=3581"},{"taxonomy":"product_tag","embeddable":true,"href":"http:\/\/acerostorrefuerte.com.mx\/index.php?rest_route=%2Fwp%2Fv2%2Fproduct_tag&post=3581"}],"curies":[{"name":"wp","href":"https:\/\/api.w.org\/{rel}","templated":true}]}}