{"id":3589,"date":"2022-04-12T18:48:36","date_gmt":"2022-04-12T18:48:36","guid":{"rendered":"http:\/\/acerostorrefuerte.com.mx\/?post_type=product&#038;p=3589"},"modified":"2022-04-12T18:48:36","modified_gmt":"2022-04-12T18:48:36","slug":"redondo","status":"publish","type":"product","link":"http:\/\/acerostorrefuerte.com.mx\/?product=redondo","title":{"rendered":"REDONDO"},"content":{"rendered":"","protected":false},"excerpt":{"rendered":"<p>El acero AISI 1008 es un acero con bajo contenido de carbono que contiene aproximadamente 0.40% de manganeso que tiene una excelente soldabilidad y conformabilidad. El acero al carbono AISI 1008 se utiliza principalmente en piezas y moldes extruidos, de cabezal fr\u00edo, prensados en fr\u00edo. El AISI 1008 en el estado de laminado en fr\u00edo se utiliza para piezas en las que puede haber flexi\u00f3n, estirado moderado, conformado y soldadura. Este acero normalmente se puede soldar sin requerimientos especiales utilizando cualquiera de los procesos est\u00e1ndar de soldadura por arco o por resistencia. AISI 1008 se utiliza en aplicaciones metal-mecanicas donde se requiera un bajo contenido de carbono<\/p>\n","protected":false},"featured_media":3590,"template":"","meta":[],"product_cat":[75],"product_tag":[],"class_list":{"0":"post-3589","1":"product","2":"type-product","3":"status-publish","4":"has-post-thumbnail","6":"product_cat-comerciales","8":"first","9":"instock","10":"shipping-taxable","11":"product-type-simple"},"_links":{"self":[{"href":"http:\/\/acerostorrefuerte.com.mx\/index.php?rest_route=\/wp\/v2\/product\/3589","targetHints":{"allow":["GET"]}}],"collection":[{"href":"http:\/\/acerostorrefuerte.com.mx\/index.php?rest_route=\/wp\/v2\/product"}],"about":[{"href":"http:\/\/acerostorrefuerte.com.mx\/index.php?rest_route=\/wp\/v2\/types\/product"}],"wp:featuredmedia":[{"embeddable":true,"href":"http:\/\/acerostorrefuerte.com.mx\/index.php?rest_route=\/wp\/v2\/media\/3590"}],"wp:attachment":[{"href":"http:\/\/acerostorrefuerte.com.mx\/index.php?rest_route=%2Fwp%2Fv2%2Fmedia&parent=3589"}],"wp:term":[{"taxonomy":"product_cat","embeddable":true,"href":"http:\/\/acerostorrefuerte.com.mx\/index.php?rest_route=%2Fwp%2Fv2%2Fproduct_cat&post=3589"},{"taxonomy":"product_tag","embeddable":true,"href":"http:\/\/acerostorrefuerte.com.mx\/index.php?rest_route=%2Fwp%2Fv2%2Fproduct_tag&post=3589"}],"curies":[{"name":"wp","href":"https:\/\/api.w.org\/{rel}","templated":true}]}}