{"id":3611,"date":"2022-04-12T19:52:31","date_gmt":"2022-04-12T19:52:31","guid":{"rendered":"http:\/\/acerostorrefuerte.com.mx\/?post_type=product&#038;p=3611"},"modified":"2022-04-12T19:52:48","modified_gmt":"2022-04-12T19:52:48","slug":"tuberia-industrial-mofle","status":"publish","type":"product","link":"http:\/\/acerostorrefuerte.com.mx\/?product=tuberia-industrial-mofle","title":{"rendered":"TUBER\u00cdA INDUSTRIAL (MOFLE)"},"content":{"rendered":"","protected":false},"excerpt":{"rendered":"<p>El Tubo Industrial Redondo es tambi\u00e9n conocido como Tubo Mofle, debido a la frecuente aplicaci\u00f3n de esta tuber\u00eda en la industria automotriz. El tubo industrial redondo se fabrica calibrado y en diferentes calibres.<\/p>\n","protected":false},"featured_media":3613,"template":"","meta":[],"product_cat":[77],"product_tag":[],"class_list":{"0":"post-3611","1":"product","2":"type-product","3":"status-publish","4":"has-post-thumbnail","6":"product_cat-tubos","8":"first","9":"instock","10":"shipping-taxable","11":"product-type-simple"},"_links":{"self":[{"href":"http:\/\/acerostorrefuerte.com.mx\/index.php?rest_route=\/wp\/v2\/product\/3611","targetHints":{"allow":["GET"]}}],"collection":[{"href":"http:\/\/acerostorrefuerte.com.mx\/index.php?rest_route=\/wp\/v2\/product"}],"about":[{"href":"http:\/\/acerostorrefuerte.com.mx\/index.php?rest_route=\/wp\/v2\/types\/product"}],"wp:featuredmedia":[{"embeddable":true,"href":"http:\/\/acerostorrefuerte.com.mx\/index.php?rest_route=\/wp\/v2\/media\/3613"}],"wp:attachment":[{"href":"http:\/\/acerostorrefuerte.com.mx\/index.php?rest_route=%2Fwp%2Fv2%2Fmedia&parent=3611"}],"wp:term":[{"taxonomy":"product_cat","embeddable":true,"href":"http:\/\/acerostorrefuerte.com.mx\/index.php?rest_route=%2Fwp%2Fv2%2Fproduct_cat&post=3611"},{"taxonomy":"product_tag","embeddable":true,"href":"http:\/\/acerostorrefuerte.com.mx\/index.php?rest_route=%2Fwp%2Fv2%2Fproduct_tag&post=3611"}],"curies":[{"name":"wp","href":"https:\/\/api.w.org\/{rel}","templated":true}]}}