{"id":3614,"date":"2022-04-12T19:54:19","date_gmt":"2022-04-12T19:54:19","guid":{"rendered":"http:\/\/acerostorrefuerte.com.mx\/?post_type=product&#038;p=3614"},"modified":"2022-04-12T19:54:19","modified_gmt":"2022-04-12T19:54:19","slug":"cerraduras","status":"publish","type":"product","link":"http:\/\/acerostorrefuerte.com.mx\/?product=cerraduras","title":{"rendered":"CERRADURAS"},"content":{"rendered":"","protected":false},"excerpt":{"rendered":"<p>43573 \u2022\u00a0CS-70I \u2022 43574 \u2022\u00a0CS-70D \u2022\u00a0Cerraduras de sobreponer, Cl\u00e1sica, marca Herme by Truper, Tipo cerradura: De sobreponer, cl\u00e1sica, Cilindro: De lat\u00f3n con 5 pernos, Resortes de acero inoxidable.<\/p>\n","protected":false},"featured_media":3615,"template":"","meta":[],"product_cat":[78],"product_tag":[],"class_list":{"0":"post-3614","1":"product","2":"type-product","3":"status-publish","4":"has-post-thumbnail","6":"product_cat-otros","8":"first","9":"instock","10":"shipping-taxable","11":"product-type-simple"},"_links":{"self":[{"href":"http:\/\/acerostorrefuerte.com.mx\/index.php?rest_route=\/wp\/v2\/product\/3614","targetHints":{"allow":["GET"]}}],"collection":[{"href":"http:\/\/acerostorrefuerte.com.mx\/index.php?rest_route=\/wp\/v2\/product"}],"about":[{"href":"http:\/\/acerostorrefuerte.com.mx\/index.php?rest_route=\/wp\/v2\/types\/product"}],"wp:featuredmedia":[{"embeddable":true,"href":"http:\/\/acerostorrefuerte.com.mx\/index.php?rest_route=\/wp\/v2\/media\/3615"}],"wp:attachment":[{"href":"http:\/\/acerostorrefuerte.com.mx\/index.php?rest_route=%2Fwp%2Fv2%2Fmedia&parent=3614"}],"wp:term":[{"taxonomy":"product_cat","embeddable":true,"href":"http:\/\/acerostorrefuerte.com.mx\/index.php?rest_route=%2Fwp%2Fv2%2Fproduct_cat&post=3614"},{"taxonomy":"product_tag","embeddable":true,"href":"http:\/\/acerostorrefuerte.com.mx\/index.php?rest_route=%2Fwp%2Fv2%2Fproduct_tag&post=3614"}],"curies":[{"name":"wp","href":"https:\/\/api.w.org\/{rel}","templated":true}]}}